{"id":1149,"date":"2024-08-26T03:58:53","date_gmt":"2024-08-26T03:58:53","guid":{"rendered":"https:\/\/site.smartstation.mx\/?page_id=1149"},"modified":"2024-08-26T04:14:58","modified_gmt":"2024-08-26T04:14:58","slug":"terminos-y-condiciones","status":"publish","type":"page","link":"https:\/\/site.smartstation.mx\/?page_id=1149","title":{"rendered":"T\u00e9rminos y Condiciones"},"content":{"rendered":"\t\t<div data-elementor-type=\"wp-page\" data-elementor-id=\"1149\" class=\"elementor elementor-1149\">\n\t\t\t\t\t\t<section class=\"elementor-section elementor-top-section elementor-element elementor-element-2eb30ec elementor-section-full_width elementor-section-height-default elementor-section-height-default\" data-id=\"2eb30ec\" data-element_type=\"section\" data-e-type=\"section\">\n\t\t\t\t\t\t<div class=\"elementor-container elementor-column-gap-default\">\n\t\t\t\t\t<div class=\"elementor-column elementor-col-100 elementor-top-column elementor-element elementor-element-59c44ad\" data-id=\"59c44ad\" data-element_type=\"column\" data-e-type=\"column\">\n\t\t\t<div class=\"elementor-widget-wrap elementor-element-populated\">\n\t\t\t\t\t\t<div class=\"elementor-element elementor-element-c8f0ac9 elementor-widget__width-inherit elementor-align-left elementor-widget elementor-widget-bdevs-banner\" data-id=\"c8f0ac9\" data-element_type=\"widget\" data-e-type=\"widget\" data-widget_type=\"bdevs-banner.default\">\n\t\t\t\t<div class=\"elementor-widget-container\">\n\t\t\t\t\t\t\t\r\n        <!-- breadcrumb begin -->\r\n        <div class=\"breadcrumb-ind\" style=\"background: url(https:\/\/site.smartstation.mx\/wp-content\/uploads\/2024\/08\/976.jpg) center center no-repeat; background-size: cover;\">\r\n            <div class=\"container\">\r\n                <div class=\"row\">\r\n                    <div class=\"col-xl-6 col-lg-6\">\r\n                        <div class=\"breadcrumb-content\">\r\n                        \t                            <h2>T\u00e9rminos y Condiciones<\/h2>\r\n                                                                                    <ul>\r\n                                <li>Estos t\u00e9rminos son importantes, ya que protegen tanto sus derechos como los nuestros, y es esencial que los lea detenidamente. <\/li>\r\n                            <\/ul>\r\n                                                    <\/div>\r\n                    <\/div>\r\n                <\/div>\r\n            <\/div>\r\n        <\/div>\r\n        <!-- breadcrumb end -->\r\n\t\t\t\t\t<\/div>\n\t\t\t\t<\/div>\n\t\t\t\t\t<\/div>\n\t\t<\/div>\n\t\t\t\t\t<\/div>\n\t\t<\/section>\n\t\t\t\t<section class=\"elementor-section elementor-top-section elementor-element elementor-element-fde29dc elementor-section-boxed elementor-section-height-default elementor-section-height-default\" data-id=\"fde29dc\" data-element_type=\"section\" data-e-type=\"section\">\n\t\t\t\t\t\t<div class=\"elementor-container elementor-column-gap-default\">\n\t\t\t\t\t<div class=\"elementor-column elementor-col-100 elementor-top-column elementor-element elementor-element-81cc9dd\" data-id=\"81cc9dd\" data-element_type=\"column\" data-e-type=\"column\">\n\t\t\t<div class=\"elementor-widget-wrap elementor-element-populated\">\n\t\t\t\t\t\t<div class=\"elementor-element elementor-element-ce9e93d elementor-widget elementor-widget-text-editor\" data-id=\"ce9e93d\" data-element_type=\"widget\" data-e-type=\"widget\" data-widget_type=\"text-editor.default\">\n\t\t\t\t<div class=\"elementor-widget-container\">\n\t\t\t\t\t\t\t\t\t<h2><span style=\"color: #003366;\">T\u00e9rminos y Condiciones<\/span><\/h2><p>\u00a0<\/p><h3><span style=\"color: #003366;\">1. Introducci\u00f3n<\/span><\/h3><p><span style=\"color: #003366;\">Bienvenido a <strong>Smartstation.mx<\/strong>. Estos T\u00e9rminos y Condiciones rigen el uso de nuestro sitio web y los servicios ofrecidos. Al acceder o utilizar nuestro sitio web, usted acepta cumplir con estos t\u00e9rminos. Si no est\u00e1 de acuerdo con estos t\u00e9rminos, le pedimos que no utilice nuestro sitio.<\/span><\/p><h3><span style=\"color: #003366;\">2. Definiciones<\/span><\/h3><ul><li><span style=\"color: #003366;\"><strong>&#8220;Sitio Web&#8221;<\/strong> se refiere a <strong>Smartstation.mx<\/strong>, accesible desde <a href=\"https:\/\/smartstation.mx\/\">https:\/\/smartstation.mx\/<\/a>.<\/span><\/li><li><span style=\"color: #003366;\"><strong>&#8220;Usuario&#8221;<\/strong> se refiere a cualquier persona que accede o utiliza el Sitio Web.<\/span><\/li><li><span style=\"color: #003366;\"><strong>&#8220;Nosotros&#8221;<\/strong> o <strong>&#8220;Nuestro&#8221;<\/strong> se refiere a Smart Station S. de R. L. de C.V., propietaria del Sitio Web.<\/span><\/li><li>\u00a0<\/li><\/ul><h3><span style=\"color: #003366;\">3. Uso del Sitio Web<\/span><\/h3><p><span style=\"color: #003366;\">El Usuario se compromete a utilizar el Sitio Web de acuerdo con las leyes aplicables de M\u00e9xico y estos T\u00e9rminos y Condiciones. Queda prohibido:<\/span><\/p><ul><li><span style=\"color: #003366;\">Usar el Sitio Web para fines ilegales o no autorizados.<\/span><\/li><li><span style=\"color: #003366;\">Realizar cualquier acci\u00f3n que pueda da\u00f1ar, deshabilitar o sobrecargar el Sitio Web.<\/span><\/li><li><span style=\"color: #003366;\">Intentar acceder de manera no autorizada a cualquier parte del Sitio Web.<\/span><\/li><li>\u00a0<\/li><\/ul><h3><span style=\"color: #003366;\">4. Propiedad Intelectual<\/span><\/h3><p><span style=\"color: #003366;\">Todo el contenido del Sitio Web, incluyendo textos, gr\u00e1ficos, logos, im\u00e1genes y software, es propiedad de [Nombre de la Empresa] o sus licenciantes, y est\u00e1 protegido por las leyes de derechos de autor y propiedad intelectual de M\u00e9xico. El uso no autorizado de cualquier contenido puede violar estas leyes.<\/span><\/p><h3><span style=\"color: #003366;\">5. Limitaci\u00f3n de Responsabilidad<\/span><\/h3><p><span style=\"color: #003366;\">[Nombre de la Empresa] no ser\u00e1 responsable de ning\u00fan da\u00f1o directo, indirecto, incidental, especial o consecuente que resulte del uso o la imposibilidad de usar el Sitio Web. Esto incluye, sin limitaci\u00f3n, da\u00f1os por p\u00e9rdida de beneficios, uso de datos u otras p\u00e9rdidas intangibles.<\/span><\/p><h3><span style=\"color: #003366;\">6. Enlaces a Sitios de Terceros<\/span><\/h3><p><span style=\"color: #003366;\">Nuestro Sitio Web puede contener enlaces a sitios web de terceros. Estos sitios no est\u00e1n bajo nuestro control, y no somos responsables del contenido o las pol\u00edticas de privacidad de dichos sitios. El Usuario accede a los sitios de terceros bajo su propio riesgo.<\/span><\/p><h3><span style=\"color: #003366;\">7. Privacidad<\/span><\/h3><p><span style=\"color: #003366;\">La privacidad de nuestros usuarios es importante para nosotros. Por favor, revise nuestra [Pol\u00edtica de Privacidad] para obtener m\u00e1s informaci\u00f3n sobre c\u00f3mo recopilamos, utilizamos y protegemos la informaci\u00f3n personal.<\/span><\/p><h3><span style=\"color: #003366;\">8. Modificaciones de los T\u00e9rminos<\/span><\/h3><p><span style=\"color: #003366;\">Nos reservamos el derecho de modificar estos T\u00e9rminos y Condiciones en cualquier momento. Cualquier cambio entrar\u00e1 en vigor cuando se publique en el Sitio Web. Es responsabilidad del Usuario revisar estos T\u00e9rminos peri\u00f3dicamente.<\/span><\/p><h3><span style=\"color: #003366;\">9. Ley Aplicable y Jurisdicci\u00f3n<\/span><\/h3><p><span style=\"color: #003366;\">Estos T\u00e9rminos y Condiciones se regir\u00e1n e interpretar\u00e1n de acuerdo con las leyes de M\u00e9xico. Cualquier controversia que surja en relaci\u00f3n con estos t\u00e9rminos ser\u00e1 sometida a la jurisdicci\u00f3n exclusiva de los tribunales competentes en [Ciudad o Estado de M\u00e9xico].<\/span><\/p><h3><span style=\"color: #003366;\">10. Contacto<\/span><\/h3><p><span style=\"color: #003366;\">Si tiene alguna pregunta o inquietud sobre estos T\u00e9rminos y Condiciones, puede contactarnos a trav\u00e9s de [Correo Electr\u00f3nico] o en la siguiente direcci\u00f3n:<\/span><\/p><p><span style=\"color: #003366;\">Smart Station S. de R. L. de C.V.<\/span><br \/><span style=\"color: #003366;\">Pinos S\/N, Coatzintla, Veracruz. 93160<\/span><br \/><span style=\"color: #003366;\">782 104 9443<\/span><br \/><span style=\"color: #003366;\">contacto@smartstation.mx<\/span><\/p>\t\t\t\t\t\t\t\t<\/div>\n\t\t\t\t<\/div>\n\t\t\t\t\t<\/div>\n\t\t<\/div>\n\t\t\t\t\t<\/div>\n\t\t<\/section>\n\t\t\t\t<section class=\"elementor-section elementor-top-section elementor-element elementor-element-79059fe elementor-section-boxed elementor-section-height-default elementor-section-height-default\" data-id=\"79059fe\" data-element_type=\"section\" data-e-type=\"section\" data-settings=\"{&quot;background_background&quot;:&quot;classic&quot;}\">\n\t\t\t\t\t\t<div class=\"elementor-container elementor-column-gap-default\">\n\t\t\t\t\t<div class=\"elementor-column elementor-col-50 elementor-top-column elementor-element elementor-element-4527c0f\" data-id=\"4527c0f\" data-element_type=\"column\" data-e-type=\"column\">\n\t\t\t<div class=\"elementor-widget-wrap elementor-element-populated\">\n\t\t\t\t\t\t<div class=\"elementor-element elementor-element-19073c1a elementor-widget elementor-widget-text-editor\" data-id=\"19073c1a\" data-element_type=\"widget\" data-e-type=\"widget\" data-widget_type=\"text-editor.default\">\n\t\t\t\t<div class=\"elementor-widget-container\">\n\t\t\t\t\t\t\t\t\t<h5 style=\"text-align: right;\"><span style=\"color: #ffffff;\">S\u00edguenos en nuestras redes sociales oficiales:<\/span><\/h5>\t\t\t\t\t\t\t\t<\/div>\n\t\t\t\t<\/div>\n\t\t\t\t\t<\/div>\n\t\t<\/div>\n\t\t\t\t<div class=\"elementor-column elementor-col-50 elementor-top-column elementor-element elementor-element-6b1ac386\" data-id=\"6b1ac386\" data-element_type=\"column\" data-e-type=\"column\">\n\t\t\t<div class=\"elementor-widget-wrap elementor-element-populated\">\n\t\t\t\t\t\t<div class=\"elementor-element elementor-element-abc9be0 elementor-widget elementor-widget-bwdsi-social-icon\" data-id=\"abc9be0\" data-element_type=\"widget\" data-e-type=\"widget\" data-widget_type=\"bwdsi-social-icon.default\">\n\t\t\t\t<div class=\"elementor-widget-container\">\n\t\t\t\t\t\t\t\t<div class=\"bwd-social-icon-36 bwd-social-alignment\">\r\n\t\t\t\t<div class=\"bwd-social-icon-box  \">\r\n\t\t\t\t\t\t\t\t\t\t\t\t<a class=\"bwdsi-icons-color elementor-repeater-item-bc96710\" href=\"https:\/\/www.facebook.com\/SmartStationmx\"><i aria-hidden=\"true\" class=\"fab fa-facebook\"><\/i>\t\t\t\t\t\t\t<i aria-hidden=\"true\" class=\"fab fa-facebook\"><\/i>\t\t\t\t\t\t<\/a>\r\n\t\t\t\t\t\t\t\t\t\t\t\t\t<a class=\"bwdsi-icons-color elementor-repeater-item-6bed091\" href=\"https:\/\/www.linkedin.com\/company\/smartstationmx\"><i aria-hidden=\"true\" class=\"fab fa-instagram\"><\/i>\t\t\t\t\t\t\t<i aria-hidden=\"true\" class=\"fab fa-instagram\"><\/i>\t\t\t\t\t\t<\/a>\r\n\t\t\t\t\t\t\t\t\t\t\t\t\t<a class=\"bwdsi-icons-color elementor-repeater-item-5e373bb\" href=\"#\"><i aria-hidden=\"true\" class=\"fab fa-twitter\"><\/i>\t\t\t\t\t\t\t<i aria-hidden=\"true\" class=\"fab fa-twitter\"><\/i>\t\t\t\t\t\t<\/a>\r\n\t\t\t\t\t\t\t\t\t\t\t\t\t<a class=\"bwdsi-icons-color elementor-repeater-item-6db79bc\" href=\"https:\/\/www.linkedin.com\/company\/smartstationmx\"><i aria-hidden=\"true\" class=\"fab fa-linkedin-in\"><\/i>\t\t\t\t\t\t\t<i aria-hidden=\"true\" class=\"fab fa-linkedin-in\"><\/i>\t\t\t\t\t\t<\/a>\r\n\t\t\t\t\t\t\t\t\t\t<\/div>\r\n\t\t\t<\/div>\r\n\t\t\t\t\t\t<\/div>\n\t\t\t\t<\/div>\n\t\t\t\t\t<\/div>\n\t\t<\/div>\n\t\t\t\t\t<\/div>\n\t\t<\/section>\n\t\t\t\t<\/div>\n\t\t","protected":false},"excerpt":{"rendered":"<p>T\u00e9rminos y Condiciones Estos t\u00e9rminos son importantes, ya que protegen tanto sus derechos como los nuestros, y es esencial que los lea detenidamente. T\u00e9rminos y Condiciones\u00a01. Introducci\u00f3nBienvenido a Smartstation.mx. Estos T\u00e9rminos y Condiciones rigen el uso de nuestro sitio web y los servicios ofrecidos. Al acceder o utilizar nuestro sitio web, usted acepta cumplir con [&hellip;]<\/p>\n","protected":false},"author":1,"featured_media":0,"parent":0,"menu_order":0,"comment_status":"closed","ping_status":"closed","template":"page-templates\/home-blue.php","meta":{"inline_featured_image":false,"_monsterinsights_skip_tracking":false,"_monsterinsights_sitenote_active":false,"_monsterinsights_sitenote_note":"","_monsterinsights_sitenote_category":0,"footnotes":""},"class_list":["post-1149","page","type-page","status-publish","hentry"],"_links":{"self":[{"href":"https:\/\/site.smartstation.mx\/index.php?rest_route=\/wp\/v2\/pages\/1149"}],"collection":[{"href":"https:\/\/site.smartstation.mx\/index.php?rest_route=\/wp\/v2\/pages"}],"about":[{"href":"https:\/\/site.smartstation.mx\/index.php?rest_route=\/wp\/v2\/types\/page"}],"author":[{"embeddable":true,"href":"https:\/\/site.smartstation.mx\/index.php?rest_route=\/wp\/v2\/users\/1"}],"replies":[{"embeddable":true,"href":"https:\/\/site.smartstation.mx\/index.php?rest_route=%2Fwp%2Fv2%2Fcomments&post=1149"}],"version-history":[{"count":13,"href":"https:\/\/site.smartstation.mx\/index.php?rest_route=\/wp\/v2\/pages\/1149\/revisions"}],"predecessor-version":[{"id":1166,"href":"https:\/\/site.smartstation.mx\/index.php?rest_route=\/wp\/v2\/pages\/1149\/revisions\/1166"}],"wp:attachment":[{"href":"https:\/\/site.smartstation.mx\/index.php?rest_route=%2Fwp%2Fv2%2Fmedia&parent=1149"}],"curies":[{"name":"wp","href":"https:\/\/api.w.org\/{rel}","templated":true}]}}