{"id":1167,"date":"2024-08-26T04:19:50","date_gmt":"2024-08-26T04:19:50","guid":{"rendered":"https:\/\/site.smartstation.mx\/?page_id=1167"},"modified":"2024-08-26T04:27:02","modified_gmt":"2024-08-26T04:27:02","slug":"politica-de-privacidad","status":"publish","type":"page","link":"https:\/\/site.smartstation.mx\/?page_id=1167","title":{"rendered":"Pol\u00edtica de Privacidad"},"content":{"rendered":"\t\t<div data-elementor-type=\"wp-page\" data-elementor-id=\"1167\" class=\"elementor elementor-1167\">\n\t\t\t\t\t\t<section class=\"elementor-section elementor-top-section elementor-element elementor-element-f60be89 elementor-section-full_width elementor-section-height-default elementor-section-height-default\" data-id=\"f60be89\" data-element_type=\"section\" data-e-type=\"section\">\n\t\t\t\t\t\t<div class=\"elementor-container elementor-column-gap-default\">\n\t\t\t\t\t<div class=\"elementor-column elementor-col-100 elementor-top-column elementor-element elementor-element-e5d886b\" data-id=\"e5d886b\" data-element_type=\"column\" data-e-type=\"column\">\n\t\t\t<div class=\"elementor-widget-wrap elementor-element-populated\">\n\t\t\t\t\t\t<div class=\"elementor-element elementor-element-5ba9bba elementor-align-left elementor-widget elementor-widget-bdevs-banner\" data-id=\"5ba9bba\" data-element_type=\"widget\" data-e-type=\"widget\" data-widget_type=\"bdevs-banner.default\">\n\t\t\t\t<div class=\"elementor-widget-container\">\n\t\t\t\t\t\t\t\r\n        <!-- breadcrumb begin -->\r\n        <div class=\"breadcrumb-ind\" style=\"background: url(https:\/\/site.smartstation.mx\/wp-content\/uploads\/2024\/08\/5169922.jpg) center center no-repeat; background-size: cover;\">\r\n            <div class=\"container\">\r\n                <div class=\"row\">\r\n                    <div class=\"col-xl-6 col-lg-6\">\r\n                        <div class=\"breadcrumb-content\">\r\n                        \t                            <h2>Pol\u00edtica de Privacidad<\/h2>\r\n                                                                                    <ul>\r\n                                <li>As\u00ed cuidamos tus datos personales.<\/li>\r\n                            <\/ul>\r\n                                                    <\/div>\r\n                    <\/div>\r\n                <\/div>\r\n            <\/div>\r\n        <\/div>\r\n        <!-- breadcrumb end -->\r\n\t\t\t\t\t<\/div>\n\t\t\t\t<\/div>\n\t\t\t\t\t<\/div>\n\t\t<\/div>\n\t\t\t\t\t<\/div>\n\t\t<\/section>\n\t\t\t\t<section class=\"elementor-section elementor-top-section elementor-element elementor-element-733edcb3 elementor-section-boxed elementor-section-height-default elementor-section-height-default\" data-id=\"733edcb3\" data-element_type=\"section\" data-e-type=\"section\">\n\t\t\t\t\t\t<div class=\"elementor-container elementor-column-gap-default\">\n\t\t\t\t\t<div class=\"elementor-column elementor-col-100 elementor-top-column elementor-element elementor-element-62c7b13\" data-id=\"62c7b13\" data-element_type=\"column\" data-e-type=\"column\">\n\t\t\t<div class=\"elementor-widget-wrap elementor-element-populated\">\n\t\t\t\t\t\t<div class=\"elementor-element elementor-element-685fcb68 elementor-widget elementor-widget-text-editor\" data-id=\"685fcb68\" data-element_type=\"widget\" data-e-type=\"widget\" data-widget_type=\"text-editor.default\">\n\t\t\t\t<div class=\"elementor-widget-container\">\n\t\t\t\t\t\t\t\t\t<h4><span style=\"color: #003366;\">1. <strong>Responsable del Tratamiento de Datos Personales<\/strong><\/span><\/h4><p><span style=\"color: #003366;\">Smart Station S. de R. L. de C. V., con domicilio en Pinos S\/N, Coatzintla, Veracruz. 93160, es responsable del tratamiento de sus datos personales conforme a lo establecido por la Ley Federal de Protecci\u00f3n de Datos Personales en Posesi\u00f3n de los Particulares y sus reglamentos.<\/span><\/p><h4><span style=\"color: #003366;\">2. <strong>Finalidades del Tratamiento de Datos<\/strong><\/span><\/h4><p><span style=\"color: #003366;\">Sus datos personales ser\u00e1n utilizados para las siguientes finalidades necesarias:<\/span><\/p><ul><li><span style=\"color: #003366;\">Proveer los servicios y productos que ha solicitado.<\/span><\/li><li><span style=\"color: #003366;\">Informar sobre cambios o nuevos productos y servicios que est\u00e9n relacionados con el contrato o adquirido.<\/span><\/li><li><span style=\"color: #003366;\">Dar cumplimiento a obligaciones contra\u00eddas con nuestros clientes.<\/span><\/li><li><span style=\"color: #003366;\">Evaluar la calidad del servicio.<\/span><\/li><li><span style=\"color: #003366;\">Realizar estudios internos sobre h\u00e1bitos de consumo.<\/span><\/li><\/ul><p><span style=\"color: #003366;\">Adem\u00e1s, utilizaremos sus datos personales para las siguientes finalidades secundarias, que no son necesarias para el servicio solicitado, pero que nos permiten brindarle una mejor atenci\u00f3n:<\/span><\/p><ul><li><span style=\"color: #003366;\">Enviar promociones y ofertas exclusivas.<\/span><\/li><li><span style=\"color: #003366;\">Participar en encuestas y estudios de mercado.<\/span><\/li><\/ul><p><span style=\"color: #003366;\">Si usted no desea que sus datos personales sean tratados para estas finalidades secundarias, puede solicitarlo enviando un correo electr\u00f3nico a contacto@smartstation.mx.<\/span><\/p><h4><span style=\"color: #003366;\">3. <strong>Datos Personales que Recabamos<\/strong><\/span><\/h4><p><span style=\"color: #003366;\">Para las finalidades antes mencionadas, podremos recabar las siguientes categor\u00edas de datos personales:<\/span><\/p><ul><li><span style=\"color: #003366;\">Datos de identificaci\u00f3n (nombre, direcci\u00f3n, tel\u00e9fono, correo electr\u00f3nico, etc.).<\/span><\/li><li><span style=\"color: #003366;\">Datos laborales (ocupaci\u00f3n, empresa, direcci\u00f3n de trabajo, etc.).<\/span><\/li><li><span style=\"color: #003366;\">Datos financieros (informaci\u00f3n de tarjetas, cuentas bancarias, etc.).<\/span><\/li><li><span style=\"color: #003366;\">Datos de facturaci\u00f3n.<\/span><\/li><\/ul><p><span style=\"color: #003366;\">En caso de recabar datos sensibles, como aquellos que revelen informaci\u00f3n sobre su estado de salud, se solicitar\u00e1 su consentimiento expreso.<\/span><\/p><h4><span style=\"color: #003366;\">4. <strong>Transferencia de Datos Personales<\/strong><\/span><\/h4><p><span style=\"color: #003366;\">Smart Station S. de R. L. de C. V. no transferir\u00e1 sus datos personales a terceros sin su consentimiento, excepto en los casos previstos en el art\u00edculo 37 de la Ley Federal de Protecci\u00f3n de Datos Personales en Posesi\u00f3n de los Particulares y sus reglamentos, o cuando sea necesario para la prestaci\u00f3n del servicio contratado.<\/span><\/p><h4><span style=\"color: #003366;\">5. <strong>Medios para Ejercer sus Derechos ARCO<\/strong><\/span><\/h4><p><span style=\"color: #003366;\">Usted tiene derecho a acceder, rectificar y cancelar sus datos personales, as\u00ed como a oponerse al tratamiento de los mismos o revocar el consentimiento que para tal fin nos haya otorgado (derechos ARCO), enviando su solicitud a nuestro departamento de protecci\u00f3n de datos personales a trav\u00e9s del correo electr\u00f3nico [correo electr\u00f3nico de la empresa]. Su solicitud deber\u00e1 contener:<\/span><\/p><ul><li><span style=\"color: #003366;\">Su nombre y domicilio u otro medio para comunicarle la respuesta.<\/span><\/li><li><span style=\"color: #003366;\">Los documentos que acrediten su identidad o, en su caso, la representaci\u00f3n legal.<\/span><\/li><li><span style=\"color: #003366;\">Una descripci\u00f3n clara y precisa de los datos personales respecto de los que se busca ejercer alguno de los derechos ARCO.<\/span><\/li><li><span style=\"color: #003366;\">Cualquier otro elemento o documento que facilite la localizaci\u00f3n de los datos personales.<\/span><\/li><\/ul><h4>\u00a0<\/h4><h4><span style=\"color: #003366;\">6. <strong>Medidas de Seguridad<\/strong><\/span><\/h4><p><span style=\"color: #003366;\">Smart Station S. de R. L. de C. V. implementa medidas de seguridad administrativas, t\u00e9cnicas y f\u00edsicas para proteger sus datos personales contra da\u00f1o, p\u00e9rdida, alteraci\u00f3n, destrucci\u00f3n o el uso, acceso o tratamiento no autorizado.<\/span><\/p><h4><span style=\"color: #003366;\">7. <strong>Uso de Cookies y Otras Tecnolog\u00edas<\/strong><\/span><\/h4><p><span style=\"color: #003366;\">Nuestro sitio web, smartstation.mx, utiliza cookies y otras tecnolog\u00edas para facilitar la navegaci\u00f3n y obtener informaci\u00f3n sobre sus preferencias. Usted puede configurar su navegador para rechazar las cookies, sin embargo, esto puede afectar la funcionalidad del sitio.<\/span><\/p><h4><span style=\"color: #003366;\">8. <strong>Modificaciones a la Pol\u00edtica de Privacidad<\/strong><\/span><\/h4><p><span style=\"color: #003366;\">Smart Station S. de R. L. de C. V. se reserva el derecho de realizar modificaciones o actualizaciones a esta pol\u00edtica de privacidad en cualquier momento, para atender reformas legislativas, pol\u00edticas internas o nuevos requerimientos para la prestaci\u00f3n u ofrecimiento de nuestros servicios o productos. Estas modificaciones estar\u00e1n disponibles a trav\u00e9s de nuestro sitio web [<a style=\"color: #003366;\" href=\"http:\/\/www.smartstation.mx\" target=\"_new\" rel=\"noopener\">www.smartstation.mx<\/a>].<\/span><\/p><h4><span style=\"color: #003366;\">9. <strong>Contacto<\/strong><\/span><\/h4><p><span style=\"color: #003366;\">Si tiene alguna duda o comentario sobre nuestra pol\u00edtica de privacidad, puede contactarnos en:<\/span><\/p><ul><li><span style=\"color: #003366;\">Correo electr\u00f3nico: contacto@smartstation.mx<\/span><\/li><li><span style=\"color: #003366;\">Tel\u00e9fono: 782 104 9443<\/span><\/li><li><span style=\"color: #003366;\">Domicilio: Pinos S\/N, Coatzintla, Veracruz. 93160<\/span><\/li><li>\u00a0<\/li><\/ul><h4><span style=\"color: #003366;\">10. <strong>Consentimiento<\/strong><\/span><\/h4><p><span style=\"color: #003366;\">Al proporcionar sus datos personales a Smart Station S. de R. L. de C. V., usted acepta que ha le\u00eddo y comprendido los t\u00e9rminos y condiciones de esta pol\u00edtica de privacidad y otorga su consentimiento para el tratamiento de sus datos personales conforme a lo aqu\u00ed establecido.<\/span><\/p>\t\t\t\t\t\t\t\t<\/div>\n\t\t\t\t<\/div>\n\t\t\t\t\t<\/div>\n\t\t<\/div>\n\t\t\t\t\t<\/div>\n\t\t<\/section>\n\t\t\t\t<section class=\"elementor-section elementor-top-section elementor-element elementor-element-62ac3c66 elementor-section-boxed elementor-section-height-default elementor-section-height-default\" data-id=\"62ac3c66\" data-element_type=\"section\" data-e-type=\"section\" data-settings=\"{&quot;background_background&quot;:&quot;classic&quot;}\">\n\t\t\t\t\t\t<div class=\"elementor-container elementor-column-gap-default\">\n\t\t\t\t\t<div class=\"elementor-column elementor-col-50 elementor-top-column elementor-element elementor-element-1e555095\" data-id=\"1e555095\" data-element_type=\"column\" data-e-type=\"column\">\n\t\t\t<div class=\"elementor-widget-wrap elementor-element-populated\">\n\t\t\t\t\t\t<div class=\"elementor-element elementor-element-f3e4c4f elementor-widget elementor-widget-text-editor\" data-id=\"f3e4c4f\" data-element_type=\"widget\" data-e-type=\"widget\" data-widget_type=\"text-editor.default\">\n\t\t\t\t<div class=\"elementor-widget-container\">\n\t\t\t\t\t\t\t\t\t<h5 style=\"text-align: right;\"><span style=\"color: #ffffff;\">S\u00edguenos en nuestras redes sociales oficiales:<\/span><\/h5>\t\t\t\t\t\t\t\t<\/div>\n\t\t\t\t<\/div>\n\t\t\t\t\t<\/div>\n\t\t<\/div>\n\t\t\t\t<div class=\"elementor-column elementor-col-50 elementor-top-column elementor-element elementor-element-17c5d1a2\" data-id=\"17c5d1a2\" data-element_type=\"column\" data-e-type=\"column\">\n\t\t\t<div class=\"elementor-widget-wrap elementor-element-populated\">\n\t\t\t\t\t\t<div class=\"elementor-element elementor-element-75bc382e elementor-widget elementor-widget-bwdsi-social-icon\" data-id=\"75bc382e\" data-element_type=\"widget\" data-e-type=\"widget\" data-widget_type=\"bwdsi-social-icon.default\">\n\t\t\t\t<div class=\"elementor-widget-container\">\n\t\t\t\t\t\t\t\t<div class=\"bwd-social-icon-36 bwd-social-alignment\">\r\n\t\t\t\t<div class=\"bwd-social-icon-box  \">\r\n\t\t\t\t\t\t\t\t\t\t\t\t<a class=\"bwdsi-icons-color elementor-repeater-item-bc96710\" href=\"https:\/\/www.facebook.com\/SmartStationmx\"><i aria-hidden=\"true\" class=\"fab fa-facebook\"><\/i>\t\t\t\t\t\t\t<i aria-hidden=\"true\" class=\"fab fa-facebook\"><\/i>\t\t\t\t\t\t<\/a>\r\n\t\t\t\t\t\t\t\t\t\t\t\t\t<a class=\"bwdsi-icons-color elementor-repeater-item-6bed091\" href=\"https:\/\/www.linkedin.com\/company\/smartstationmx\"><i aria-hidden=\"true\" class=\"fab fa-instagram\"><\/i>\t\t\t\t\t\t\t<i aria-hidden=\"true\" class=\"fab fa-instagram\"><\/i>\t\t\t\t\t\t<\/a>\r\n\t\t\t\t\t\t\t\t\t\t\t\t\t<a class=\"bwdsi-icons-color elementor-repeater-item-5e373bb\" href=\"#\"><i aria-hidden=\"true\" class=\"fab fa-twitter\"><\/i>\t\t\t\t\t\t\t<i aria-hidden=\"true\" class=\"fab fa-twitter\"><\/i>\t\t\t\t\t\t<\/a>\r\n\t\t\t\t\t\t\t\t\t\t\t\t\t<a class=\"bwdsi-icons-color elementor-repeater-item-6db79bc\" href=\"https:\/\/www.linkedin.com\/company\/smartstationmx\"><i aria-hidden=\"true\" class=\"fab fa-linkedin-in\"><\/i>\t\t\t\t\t\t\t<i aria-hidden=\"true\" class=\"fab fa-linkedin-in\"><\/i>\t\t\t\t\t\t<\/a>\r\n\t\t\t\t\t\t\t\t\t\t<\/div>\r\n\t\t\t<\/div>\r\n\t\t\t\t\t\t<\/div>\n\t\t\t\t<\/div>\n\t\t\t\t\t<\/div>\n\t\t<\/div>\n\t\t\t\t\t<\/div>\n\t\t<\/section>\n\t\t\t\t<\/div>\n\t\t","protected":false},"excerpt":{"rendered":"<p>Pol\u00edtica de Privacidad As\u00ed cuidamos tus datos personales. 1. Responsable del Tratamiento de Datos PersonalesSmart Station S. de R. L. de C. V., con domicilio en Pinos S\/N, Coatzintla, Veracruz. 93160, es responsable del tratamiento de sus datos personales conforme a lo establecido por la Ley Federal de Protecci\u00f3n de Datos Personales en Posesi\u00f3n de [&hellip;]<\/p>\n","protected":false},"author":1,"featured_media":0,"parent":0,"menu_order":0,"comment_status":"closed","ping_status":"closed","template":"page-templates\/home-blue.php","meta":{"inline_featured_image":false,"_monsterinsights_skip_tracking":false,"_monsterinsights_sitenote_active":false,"_monsterinsights_sitenote_note":"","_monsterinsights_sitenote_category":0,"footnotes":""},"class_list":["post-1167","page","type-page","status-publish","hentry"],"_links":{"self":[{"href":"https:\/\/site.smartstation.mx\/index.php?rest_route=\/wp\/v2\/pages\/1167"}],"collection":[{"href":"https:\/\/site.smartstation.mx\/index.php?rest_route=\/wp\/v2\/pages"}],"about":[{"href":"https:\/\/site.smartstation.mx\/index.php?rest_route=\/wp\/v2\/types\/page"}],"author":[{"embeddable":true,"href":"https:\/\/site.smartstation.mx\/index.php?rest_route=\/wp\/v2\/users\/1"}],"replies":[{"embeddable":true,"href":"https:\/\/site.smartstation.mx\/index.php?rest_route=%2Fwp%2Fv2%2Fcomments&post=1167"}],"version-history":[{"count":7,"href":"https:\/\/site.smartstation.mx\/index.php?rest_route=\/wp\/v2\/pages\/1167\/revisions"}],"predecessor-version":[{"id":1178,"href":"https:\/\/site.smartstation.mx\/index.php?rest_route=\/wp\/v2\/pages\/1167\/revisions\/1178"}],"wp:attachment":[{"href":"https:\/\/site.smartstation.mx\/index.php?rest_route=%2Fwp%2Fv2%2Fmedia&parent=1167"}],"curies":[{"name":"wp","href":"https:\/\/api.w.org\/{rel}","templated":true}]}}